{"id":362,"date":"2020-08-28T14:21:04","date_gmt":"2020-08-28T14:21:04","guid":{"rendered":"http:\/\/szamba-betonowe.pl\/?page_id=362"},"modified":"2020-08-28T14:21:05","modified_gmt":"2020-08-28T14:21:05","slug":"transport-montaz","status":"publish","type":"page","link":"http:\/\/szamba-betonowe.pl\/index.php\/transport-montaz\/","title":{"rendered":"Transport &#8211; Monta\u017c"},"content":{"rendered":"","protected":false},"excerpt":{"rendered":"","protected":false},"author":1,"featured_media":0,"parent":0,"menu_order":0,"comment_status":"closed","ping_status":"closed","template":"","meta":[],"yoast_head":"<!-- This site is optimized with the Yoast SEO plugin v16.2 - https:\/\/yoast.com\/wordpress\/plugins\/seo\/ -->\n<title>Transport - Monta\u017c - Szamba betonowe - Adam \u017baczek - Radom - Lublin - \u0141&oacute;d\u017a - Kielce - Warszawa<\/title>\n<meta name=\"robots\" content=\"index, follow, max-snippet:-1, max-image-preview:large, max-video-preview:-1\" \/>\n<link rel=\"canonical\" href=\"http:\/\/szamba-betonowe.pl\/index.php\/transport-montaz\/\" \/>\n<meta property=\"og:locale\" content=\"pl_PL\" \/>\n<meta property=\"og:type\" content=\"article\" \/>\n<meta property=\"og:title\" content=\"Transport - Monta\u017c - Szamba betonowe - Adam \u017baczek - Radom - Lublin - \u0141&oacute;d\u017a - Kielce - Warszawa\" \/>\n<meta property=\"og:url\" content=\"http:\/\/szamba-betonowe.pl\/index.php\/transport-montaz\/\" \/>\n<meta property=\"og:site_name\" content=\"Szamba betonowe - Adam \u017baczek - Radom - Lublin - \u0141&oacute;d\u017a - Kielce - Warszawa\" \/>\n<meta property=\"article:modified_time\" content=\"2020-08-28T14:21:05+00:00\" \/>\n<meta name=\"twitter:card\" content=\"summary_large_image\" \/>\n<script type=\"application\/ld+json\" class=\"yoast-schema-graph\">{\"@context\":\"https:\/\/schema.org\",\"@graph\":[{\"@type\":\"WebSite\",\"@id\":\"http:\/\/szamba-betonowe.pl\/#website\",\"url\":\"http:\/\/szamba-betonowe.pl\/\",\"name\":\"Szamba betonowe - Adam \\u017baczek - Radom - Lublin - \\u0141&oacute;d\\u017a - Kielce - Warszawa\",\"description\":\"Producent -Szamb, szamb, zbiorniki na nieczysto\\u015bci, eko szambo\",\"potentialAction\":[{\"@type\":\"SearchAction\",\"target\":\"http:\/\/szamba-betonowe.pl\/?s={search_term_string}\",\"query-input\":\"required name=search_term_string\"}],\"inLanguage\":\"pl-PL\"},{\"@type\":\"WebPage\",\"@id\":\"http:\/\/szamba-betonowe.pl\/index.php\/transport-montaz\/#webpage\",\"url\":\"http:\/\/szamba-betonowe.pl\/index.php\/transport-montaz\/\",\"name\":\"Transport - Monta\\u017c - Szamba betonowe - Adam \\u017baczek - Radom - Lublin - \\u0141&oacute;d\\u017a - Kielce - Warszawa\",\"isPartOf\":{\"@id\":\"http:\/\/szamba-betonowe.pl\/#website\"},\"datePublished\":\"2020-08-28T14:21:04+00:00\",\"dateModified\":\"2020-08-28T14:21:05+00:00\",\"breadcrumb\":{\"@id\":\"http:\/\/szamba-betonowe.pl\/index.php\/transport-montaz\/#breadcrumb\"},\"inLanguage\":\"pl-PL\",\"potentialAction\":[{\"@type\":\"ReadAction\",\"target\":[\"http:\/\/szamba-betonowe.pl\/index.php\/transport-montaz\/\"]}]},{\"@type\":\"BreadcrumbList\",\"@id\":\"http:\/\/szamba-betonowe.pl\/index.php\/transport-montaz\/#breadcrumb\",\"itemListElement\":[{\"@type\":\"ListItem\",\"position\":1,\"item\":{\"@type\":\"WebPage\",\"@id\":\"http:\/\/szamba-betonowe.pl\/\",\"url\":\"http:\/\/szamba-betonowe.pl\/\",\"name\":\"Strona g\\u0142\\u00f3wna\"}},{\"@type\":\"ListItem\",\"position\":2,\"item\":{\"@id\":\"http:\/\/szamba-betonowe.pl\/index.php\/transport-montaz\/#webpage\"}}]}]}<\/script>\n<!-- \/ Yoast SEO plugin. -->","_links":{"self":[{"href":"http:\/\/szamba-betonowe.pl\/index.php\/wp-json\/wp\/v2\/pages\/362"}],"collection":[{"href":"http:\/\/szamba-betonowe.pl\/index.php\/wp-json\/wp\/v2\/pages"}],"about":[{"href":"http:\/\/szamba-betonowe.pl\/index.php\/wp-json\/wp\/v2\/types\/page"}],"author":[{"embeddable":true,"href":"http:\/\/szamba-betonowe.pl\/index.php\/wp-json\/wp\/v2\/users\/1"}],"replies":[{"embeddable":true,"href":"http:\/\/szamba-betonowe.pl\/index.php\/wp-json\/wp\/v2\/comments?post=362"}],"version-history":[{"count":1,"href":"http:\/\/szamba-betonowe.pl\/index.php\/wp-json\/wp\/v2\/pages\/362\/revisions"}],"predecessor-version":[{"id":363,"href":"http:\/\/szamba-betonowe.pl\/index.php\/wp-json\/wp\/v2\/pages\/362\/revisions\/363"}],"wp:attachment":[{"href":"http:\/\/szamba-betonowe.pl\/index.php\/wp-json\/wp\/v2\/media?parent=362"}],"curies":[{"name":"wp","href":"https:\/\/api.w.org\/{rel}","templated":true}]}}