{"id":23,"date":"2020-01-23T21:11:46","date_gmt":"2020-01-23T21:11:46","guid":{"rendered":"http:\/\/szamba-betonowe.pl\/?page_id=23"},"modified":"2020-01-23T21:11:46","modified_gmt":"2020-01-23T21:11:46","slug":"kontakt","status":"publish","type":"page","link":"http:\/\/szamba-betonowe.pl\/index.php\/kontakt\/","title":{"rendered":"Kontakt"},"content":{"rendered":"\n<p>Strona z podstawowymi informacjami kontaktowymi, takimi jak adres, numer telefonu. Mo\u017cna tak\u017ce spr\u00f3bowa\u0107 wtyczki, za pomoc\u0105 kt\u00f3rej dodamy formularz kontaktowy.<\/p>\n","protected":false},"excerpt":{"rendered":"<p>Strona z podstawowymi informacjami kontaktowymi, takimi jak adres, numer telefonu. Mo\u017cna tak\u017ce spr\u00f3bowa\u0107 wtyczki, za pomoc\u0105 kt\u00f3rej dodamy formularz kontaktowy.<\/p>\n","protected":false},"author":1,"featured_media":0,"parent":0,"menu_order":0,"comment_status":"closed","ping_status":"closed","template":"","meta":[],"yoast_head":"<!-- This site is optimized with the Yoast SEO plugin v16.2 - https:\/\/yoast.com\/wordpress\/plugins\/seo\/ -->\n<title>Kontakt - Szamba betonowe - Adam \u017baczek - Radom - Lublin - \u0141&oacute;d\u017a - Kielce - Warszawa<\/title>\n<meta name=\"robots\" content=\"index, follow, max-snippet:-1, max-image-preview:large, max-video-preview:-1\" \/>\n<link rel=\"canonical\" href=\"http:\/\/szamba-betonowe.pl\/index.php\/kontakt\/\" \/>\n<meta property=\"og:locale\" content=\"pl_PL\" \/>\n<meta property=\"og:type\" content=\"article\" \/>\n<meta property=\"og:title\" content=\"Kontakt - Szamba betonowe - Adam \u017baczek - Radom - Lublin - \u0141&oacute;d\u017a - Kielce - Warszawa\" \/>\n<meta property=\"og:description\" content=\"Strona z podstawowymi informacjami kontaktowymi, takimi jak adres, numer telefonu. Mo\u017cna tak\u017ce spr\u00f3bowa\u0107 wtyczki, za pomoc\u0105 kt\u00f3rej dodamy formularz kontaktowy.\" \/>\n<meta property=\"og:url\" content=\"http:\/\/szamba-betonowe.pl\/index.php\/kontakt\/\" \/>\n<meta property=\"og:site_name\" content=\"Szamba betonowe - Adam \u017baczek - Radom - Lublin - \u0141&oacute;d\u017a - Kielce - Warszawa\" \/>\n<meta name=\"twitter:card\" content=\"summary_large_image\" \/>\n<script type=\"application\/ld+json\" class=\"yoast-schema-graph\">{\"@context\":\"https:\/\/schema.org\",\"@graph\":[{\"@type\":\"WebSite\",\"@id\":\"http:\/\/szamba-betonowe.pl\/#website\",\"url\":\"http:\/\/szamba-betonowe.pl\/\",\"name\":\"Szamba betonowe - Adam \\u017baczek - Radom - Lublin - \\u0141&oacute;d\\u017a - Kielce - Warszawa\",\"description\":\"Producent -Szamb, szamb, zbiorniki na nieczysto\\u015bci, eko szambo\",\"potentialAction\":[{\"@type\":\"SearchAction\",\"target\":\"http:\/\/szamba-betonowe.pl\/?s={search_term_string}\",\"query-input\":\"required name=search_term_string\"}],\"inLanguage\":\"pl-PL\"},{\"@type\":\"WebPage\",\"@id\":\"http:\/\/szamba-betonowe.pl\/index.php\/kontakt\/#webpage\",\"url\":\"http:\/\/szamba-betonowe.pl\/index.php\/kontakt\/\",\"name\":\"Kontakt - Szamba betonowe - Adam \\u017baczek - Radom - Lublin - \\u0141&oacute;d\\u017a - Kielce - Warszawa\",\"isPartOf\":{\"@id\":\"http:\/\/szamba-betonowe.pl\/#website\"},\"datePublished\":\"2020-01-23T21:11:46+00:00\",\"dateModified\":\"2020-01-23T21:11:46+00:00\",\"breadcrumb\":{\"@id\":\"http:\/\/szamba-betonowe.pl\/index.php\/kontakt\/#breadcrumb\"},\"inLanguage\":\"pl-PL\",\"potentialAction\":[{\"@type\":\"ReadAction\",\"target\":[\"http:\/\/szamba-betonowe.pl\/index.php\/kontakt\/\"]}]},{\"@type\":\"BreadcrumbList\",\"@id\":\"http:\/\/szamba-betonowe.pl\/index.php\/kontakt\/#breadcrumb\",\"itemListElement\":[{\"@type\":\"ListItem\",\"position\":1,\"item\":{\"@type\":\"WebPage\",\"@id\":\"http:\/\/szamba-betonowe.pl\/\",\"url\":\"http:\/\/szamba-betonowe.pl\/\",\"name\":\"Strona g\\u0142\\u00f3wna\"}},{\"@type\":\"ListItem\",\"position\":2,\"item\":{\"@id\":\"http:\/\/szamba-betonowe.pl\/index.php\/kontakt\/#webpage\"}}]}]}<\/script>\n<!-- \/ Yoast SEO plugin. -->","_links":{"self":[{"href":"http:\/\/szamba-betonowe.pl\/index.php\/wp-json\/wp\/v2\/pages\/23"}],"collection":[{"href":"http:\/\/szamba-betonowe.pl\/index.php\/wp-json\/wp\/v2\/pages"}],"about":[{"href":"http:\/\/szamba-betonowe.pl\/index.php\/wp-json\/wp\/v2\/types\/page"}],"author":[{"embeddable":true,"href":"http:\/\/szamba-betonowe.pl\/index.php\/wp-json\/wp\/v2\/users\/1"}],"replies":[{"embeddable":true,"href":"http:\/\/szamba-betonowe.pl\/index.php\/wp-json\/wp\/v2\/comments?post=23"}],"version-history":[{"count":1,"href":"http:\/\/szamba-betonowe.pl\/index.php\/wp-json\/wp\/v2\/pages\/23\/revisions"}],"predecessor-version":[{"id":29,"href":"http:\/\/szamba-betonowe.pl\/index.php\/wp-json\/wp\/v2\/pages\/23\/revisions\/29"}],"wp:attachment":[{"href":"http:\/\/szamba-betonowe.pl\/index.php\/wp-json\/wp\/v2\/media?parent=23"}],"curies":[{"name":"wp","href":"https:\/\/api.w.org\/{rel}","templated":true}]}}